{"id":46,"date":"2017-06-19T10:33:22","date_gmt":"2017-06-19T10:33:22","guid":{"rendered":"https:\/\/www.secondlove.pt\/blog\/?page_id=46"},"modified":"2017-06-20T07:57:41","modified_gmt":"2017-06-20T07:57:41","slug":"sobre-o-second-love","status":"publish","type":"page","link":"https:\/\/www.secondlove.com.br\/blog\/sobre-o-second-love\/","title":{"rendered":"Sobre o Second Love"},"content":{"rendered":"<p><a href=\"https:\/\/www.utd2.com\/idevaffiliate\/utd.php?id=1202_2\" target=\"_blank\" rel=\"noopener\"><img loading=\"lazy\" decoding=\"async\" class=\"alignleft wp-image-51 size-medium\" src=\"https:\/\/www.secondlove.com.br\/blog\/wp-content\/uploads\/2017\/06\/Image_nl-e1497867923194-300x200.jpg\" alt=\"secondlove.pt\" width=\"300\" height=\"200\" srcset=\"https:\/\/www.secondlove.com.br\/blog\/wp-content\/uploads\/2017\/06\/Image_nl-e1497867923194-300x200.jpg 300w, https:\/\/www.secondlove.com.br\/blog\/wp-content\/uploads\/2017\/06\/Image_nl-e1497867923194-768x512.jpg 768w, https:\/\/www.secondlove.com.br\/blog\/wp-content\/uploads\/2017\/06\/Image_nl-e1497867923194.jpg 800w\" sizes=\"auto, (max-width: 300px) 100vw, 300px\" \/><\/a><\/p>\n<h5>Paquerar e flertar, n\u00e3o \u00e9 s\u00f3 para solteiros.<\/h5>\n<p>O Second Love \u00e9 um site de relacionamento, site de infidelidade \u00e9 trai\u00e7\u00f5es da mulher e homens, em busca de um caso ou uma aventura emocionante, um <strong><a href=\"https:\/\/www.utd2.com\/idevaffiliate\/utd.php?id=1202_2\" target=\"_blank\" rel=\"noopener\">SECOND LOVE<\/a><\/strong>.<\/p>\n<p>Pode se cadastrar gratuitamente e criar o seu perfil. O Second Love analisa todas os cadastros dos membros para que todas as informa\u00e7\u00f5es sejam verdadeiras.<\/p>\n<p><a href=\"https:\/\/www.utd2.com\/idevaffiliate\/utd.php?id=1202_2\" target=\"_blank\" rel=\"noopener\"><img loading=\"lazy\" decoding=\"async\" class=\"alignleft wp-image-4498\" src=\"https:\/\/www.secondlove.nl\/blog\/wp-content\/uploads\/2017\/06\/cropped-secondlove-logo-300x132.png\" alt=\"\" width=\"230\" height=\"101\" \/><\/a><\/p>\n<p>Neste site para trair, pode criar o seu perfil com fotos e buscar pessoas que se adequem a si. Tamb\u00e9m pode enviar mensagens para encontros on-line e usar o bate-papo.<\/p>\n<p>&nbsp;<\/p>\n<h5>Necessita de um paquerar secreto no Second Love?<\/h5>\n<p>Come\u00e7e ent\u00e3o a sua aventura come\u00e7ando por se <a href=\"https:\/\/www.utd2.com\/idevaffiliate\/utd.php?id=1202_2\" target=\"_blank\" rel=\"noopener\"><strong>inscrever gratuitamente<\/strong>.<\/a><\/p>\n","protected":false},"excerpt":{"rendered":"<p>Paquerar e flertar, n\u00e3o \u00e9 s\u00f3 para solteiros. O Second Love \u00e9 um site de relacionamento, site de infidelidade \u00e9 trai\u00e7\u00f5es da mulher e homens, em busca de um caso&#46;&#46;&#46;<\/p>\n","protected":false},"author":2,"featured_media":0,"parent":0,"menu_order":0,"comment_status":"closed","ping_status":"closed","template":"","meta":{"_monsterinsights_skip_tracking":false,"_monsterinsights_sitenote_active":false,"_monsterinsights_sitenote_note":"","_monsterinsights_sitenote_category":0,"footnotes":""},"class_list":["post-46","page","type-page","status-publish","hentry"],"_links":{"self":[{"href":"https:\/\/www.secondlove.com.br\/blog\/wp-json\/wp\/v2\/pages\/46","targetHints":{"allow":["GET"]}}],"collection":[{"href":"https:\/\/www.secondlove.com.br\/blog\/wp-json\/wp\/v2\/pages"}],"about":[{"href":"https:\/\/www.secondlove.com.br\/blog\/wp-json\/wp\/v2\/types\/page"}],"author":[{"embeddable":true,"href":"https:\/\/www.secondlove.com.br\/blog\/wp-json\/wp\/v2\/users\/2"}],"replies":[{"embeddable":true,"href":"https:\/\/www.secondlove.com.br\/blog\/wp-json\/wp\/v2\/comments?post=46"}],"version-history":[{"count":4,"href":"https:\/\/www.secondlove.com.br\/blog\/wp-json\/wp\/v2\/pages\/46\/revisions"}],"predecessor-version":[{"id":93,"href":"https:\/\/www.secondlove.com.br\/blog\/wp-json\/wp\/v2\/pages\/46\/revisions\/93"}],"wp:attachment":[{"href":"https:\/\/www.secondlove.com.br\/blog\/wp-json\/wp\/v2\/media?parent=46"}],"curies":[{"name":"wp","href":"https:\/\/api.w.org\/{rel}","templated":true}]}}